{"id":9,"date":"2015-02-06T13:44:47","date_gmt":"2015-02-06T11:44:47","guid":{"rendered":"https:\/\/www.urlaub-am-tegernsee.de\/cms\/?page_id=9"},"modified":"2015-02-08T00:42:02","modified_gmt":"2015-02-07T22:42:02","slug":"kontakt","status":"publish","type":"page","link":"https:\/\/www.urlaub-am-tegernsee.de\/cms\/kontakt\/","title":{"rendered":"Kontakt &#038; Anfrage"},"content":{"rendered":"<table style=\"width: 100%;\" border=\"0\" cellspacing=\"8\" cellpadding=\"8\">\n<tbody>\n<tr>\n<td>\n<p style=\"text-align: center;\"><div id=\"metaslider-id-113\" style=\"width: 100%; margin: 0 auto;\" class=\"ml-slider-3-27-13 metaslider metaslider-nivo metaslider-113 ml-slider\">\n    <div id=\"metaslider_container_113\">\n        <div class='slider-wrapper theme-default'><div class='ribbon'><\/div><div id='metaslider_113' class='nivoSlider'><img src=\"https:\/\/www.urlaub-am-tegernsee.de\/cms\/wp-content\/uploads\/2015\/02\/gaestehaus_schoepfer_slider_001.jpg\" height=\"450\" width=\"1000\" alt=\"\" class=\"slider-113 slide-114\" \/><img src=\"https:\/\/www.urlaub-am-tegernsee.de\/cms\/wp-content\/uploads\/2015\/02\/gaestehaus_schoepfer_slider_01.jpg\" height=\"450\" width=\"1000\" alt=\"\" class=\"slider-113 slide-115\" \/><img src=\"https:\/\/www.urlaub-am-tegernsee.de\/cms\/wp-content\/uploads\/2015\/02\/gaestehaus_schoepfer_slider_02.jpg\" height=\"450\" width=\"1000\" alt=\"\" class=\"slider-113 slide-116\" \/><img src=\"https:\/\/www.urlaub-am-tegernsee.de\/cms\/wp-content\/uploads\/2015\/02\/gaestehaus_schoepfer_slider_03.jpg\" height=\"450\" width=\"1000\" alt=\"\" class=\"slider-113 slide-117\" \/><img src=\"https:\/\/www.urlaub-am-tegernsee.de\/cms\/wp-content\/uploads\/2015\/02\/gaestehaus_schoepfer_slider_04.jpg\" height=\"450\" width=\"1000\" alt=\"\" class=\"slider-113 slide-118\" \/><img src=\"https:\/\/www.urlaub-am-tegernsee.de\/cms\/wp-content\/uploads\/2015\/02\/gaestehaus_schoepfer_slider_05.jpg\" height=\"450\" width=\"1000\" alt=\"\" class=\"slider-113 slide-119\" \/><img src=\"https:\/\/www.urlaub-am-tegernsee.de\/cms\/wp-content\/uploads\/2015\/02\/gaestehaus_schoepfer_slider_07.jpg\" height=\"450\" width=\"1000\" alt=\"\" class=\"slider-113 slide-120\" \/><img src=\"https:\/\/www.urlaub-am-tegernsee.de\/cms\/wp-content\/uploads\/2015\/02\/gaestehaus_schoepfer_slider_08.jpg\" height=\"450\" width=\"1000\" alt=\"\" class=\"slider-113 slide-121\" \/><\/div><\/div>\n        \n    <\/div>\n<\/div>\u00a0<\/p>\n<p><strong>G\u00e4stehaus Sch\u00f6pfer<\/strong><\/p>\n<p>Schaftlacher Stra\u00dfe 24<br \/> D- 83703 Gmund\/Moosrain<\/p>\n<p>Tel.: +49 (0)8021 428<br \/> Fax: +49 (0)8021 1375<\/p>\n<p><a href=\"mailto:schoepfers@t-online.de\">schoepfers(at)t-online.de<\/a><br \/> www.urlaub-am-tegernsee.de\/<\/p>\n<p>&nbsp;<\/p>\n<div role=\"form\" class=\"wpcf7\" id=\"wpcf7-f4-o1\" lang=\"de-DE\" dir=\"ltr\">\n<div class=\"screen-reader-response\"><p role=\"status\" aria-live=\"polite\" aria-atomic=\"true\"><\/p> <ul><\/ul><\/div>\n<form action=\"\/cms\/wp-json\/wp\/v2\/pages\/9#wpcf7-f4-o1\" method=\"post\" class=\"wpcf7-form init\" novalidate=\"novalidate\" data-status=\"init\">\n<div style=\"display: none;\">\n<input type=\"hidden\" name=\"_wpcf7\" value=\"4\" \/>\n<input type=\"hidden\" name=\"_wpcf7_version\" value=\"5.6.3\" \/>\n<input type=\"hidden\" name=\"_wpcf7_locale\" value=\"de_DE\" \/>\n<input type=\"hidden\" name=\"_wpcf7_unit_tag\" value=\"wpcf7-f4-o1\" \/>\n<input type=\"hidden\" name=\"_wpcf7_container_post\" value=\"0\" \/>\n<input type=\"hidden\" name=\"_wpcf7_posted_data_hash\" value=\"\" \/>\n<\/div>\n<p>Ihr Name (Pflichtfeld)<br \/>\n    <span class=\"wpcf7-form-control-wrap\" data-name=\"your-name\"><input type=\"text\" name=\"your-name\" value=\"\" size=\"40\" class=\"wpcf7-form-control wpcf7-text wpcf7-validates-as-required\" aria-required=\"true\" aria-invalid=\"false\" \/><\/span> <\/p>\n<p>Ihre E-Mail-Adresse (Pflichtfeld)<br \/>\n    <span class=\"wpcf7-form-control-wrap\" data-name=\"your-email\"><input type=\"email\" name=\"your-email\" value=\"\" size=\"40\" class=\"wpcf7-form-control wpcf7-text wpcf7-email wpcf7-validates-as-required wpcf7-validates-as-email\" aria-required=\"true\" aria-invalid=\"false\" \/><\/span> <\/p>\n<p>Betreff<br \/>\n    <span class=\"wpcf7-form-control-wrap\" data-name=\"your-subject\"><input type=\"text\" name=\"your-subject\" value=\"\" size=\"40\" class=\"wpcf7-form-control wpcf7-text\" aria-invalid=\"false\" \/><\/span> <\/p>\n<p>Ihre Nachricht<br \/>\n    <span class=\"wpcf7-form-control-wrap\" data-name=\"your-message\"><textarea name=\"your-message\" cols=\"40\" rows=\"10\" class=\"wpcf7-form-control wpcf7-textarea\" aria-invalid=\"false\"><\/textarea><\/span> <\/p>\n<p><label><span class=\"wpcf7-form-control-wrap\" data-name=\"quiz-127\"><label><span class=\"wpcf7-quiz-label\">2 + 4 =<\/span> <input type=\"text\" name=\"quiz-127\" size=\"40\" class=\"wpcf7-form-control wpcf7-quiz\" autocomplete=\"off\" aria-required=\"true\" aria-invalid=\"false\" \/><\/label><input type=\"hidden\" name=\"_wpcf7_quiz_answer_quiz-127\" value=\"b054cb0673fa7acb202db259aedba815\" \/><\/span><\/label><\/p>\n<p><input type=\"submit\" value=\"Senden\" class=\"wpcf7-form-control has-spinner wpcf7-submit\" \/><\/p>\n<div class=\"wpcf7-response-output\" aria-hidden=\"true\"><\/div><\/form><\/div>\n<\/td>\n<\/tr>\n<\/tbody>\n<\/table>\n<p>&nbsp;<\/p>\n","protected":false},"excerpt":{"rendered":"<p>\u00a0 G\u00e4stehaus Sch\u00f6pfer Schaftlacher Stra\u00dfe 24 D- 83703 Gmund\/Moosrain Tel.: +49 (0)8021 428 Fax: +49 (0)8021 1375 schoepfers(at)t-online.de www.urlaub-am-tegernsee.de\/ &nbsp; &nbsp;<\/p>\n","protected":false},"author":1,"featured_media":0,"parent":0,"menu_order":2,"comment_status":"closed","ping_status":"closed","template":"","meta":[],"aioseo_notices":[],"_links":{"self":[{"href":"https:\/\/www.urlaub-am-tegernsee.de\/cms\/wp-json\/wp\/v2\/pages\/9"}],"collection":[{"href":"https:\/\/www.urlaub-am-tegernsee.de\/cms\/wp-json\/wp\/v2\/pages"}],"about":[{"href":"https:\/\/www.urlaub-am-tegernsee.de\/cms\/wp-json\/wp\/v2\/types\/page"}],"author":[{"embeddable":true,"href":"https:\/\/www.urlaub-am-tegernsee.de\/cms\/wp-json\/wp\/v2\/users\/1"}],"replies":[{"embeddable":true,"href":"https:\/\/www.urlaub-am-tegernsee.de\/cms\/wp-json\/wp\/v2\/comments?post=9"}],"version-history":[{"count":8,"href":"https:\/\/www.urlaub-am-tegernsee.de\/cms\/wp-json\/wp\/v2\/pages\/9\/revisions"}],"predecessor-version":[{"id":139,"href":"https:\/\/www.urlaub-am-tegernsee.de\/cms\/wp-json\/wp\/v2\/pages\/9\/revisions\/139"}],"wp:attachment":[{"href":"https:\/\/www.urlaub-am-tegernsee.de\/cms\/wp-json\/wp\/v2\/media?parent=9"}],"curies":[{"name":"wp","href":"https:\/\/api.w.org\/{rel}","templated":true}]}}