{"id":7,"date":"2015-02-06T13:44:13","date_gmt":"2015-02-06T11:44:13","guid":{"rendered":"https:\/\/www.urlaub-am-tegernsee.de\/cms\/?page_id=7"},"modified":"2015-02-08T00:40:09","modified_gmt":"2015-02-07T22:40:09","slug":"home","status":"publish","type":"page","link":"https:\/\/www.urlaub-am-tegernsee.de\/cms\/","title":{"rendered":"Willkommen im G\u00e4stehaus Sch\u00f6pfer in 83703 Gmund\/Moosrain!"},"content":{"rendered":"<table class=\" alignleft\" style=\"width: 100%;\" border=\"0\" cellspacing=\"8\" cellpadding=\"8\">\n<tbody>\n<tr>\n<td>\n<p style=\"text-align: center;\"><strong><div id=\"metaslider-id-113\" style=\"width: 100%; margin: 0 auto;\" class=\"ml-slider-3-27-13 metaslider metaslider-nivo metaslider-113 ml-slider\">\n    <div id=\"metaslider_container_113\">\n        <div class='slider-wrapper theme-default'><div class='ribbon'><\/div><div id='metaslider_113' class='nivoSlider'><img src=\"https:\/\/www.urlaub-am-tegernsee.de\/cms\/wp-content\/uploads\/2015\/02\/gaestehaus_schoepfer_slider_001.jpg\" height=\"450\" width=\"1000\" alt=\"\" class=\"slider-113 slide-114\" \/><img src=\"https:\/\/www.urlaub-am-tegernsee.de\/cms\/wp-content\/uploads\/2015\/02\/gaestehaus_schoepfer_slider_01.jpg\" height=\"450\" width=\"1000\" alt=\"\" class=\"slider-113 slide-115\" \/><img src=\"https:\/\/www.urlaub-am-tegernsee.de\/cms\/wp-content\/uploads\/2015\/02\/gaestehaus_schoepfer_slider_02.jpg\" height=\"450\" width=\"1000\" alt=\"\" class=\"slider-113 slide-116\" \/><img src=\"https:\/\/www.urlaub-am-tegernsee.de\/cms\/wp-content\/uploads\/2015\/02\/gaestehaus_schoepfer_slider_03.jpg\" height=\"450\" width=\"1000\" alt=\"\" class=\"slider-113 slide-117\" \/><img src=\"https:\/\/www.urlaub-am-tegernsee.de\/cms\/wp-content\/uploads\/2015\/02\/gaestehaus_schoepfer_slider_04.jpg\" height=\"450\" width=\"1000\" alt=\"\" class=\"slider-113 slide-118\" \/><img src=\"https:\/\/www.urlaub-am-tegernsee.de\/cms\/wp-content\/uploads\/2015\/02\/gaestehaus_schoepfer_slider_05.jpg\" height=\"450\" width=\"1000\" alt=\"\" class=\"slider-113 slide-119\" \/><img src=\"https:\/\/www.urlaub-am-tegernsee.de\/cms\/wp-content\/uploads\/2015\/02\/gaestehaus_schoepfer_slider_07.jpg\" height=\"450\" width=\"1000\" alt=\"\" class=\"slider-113 slide-120\" \/><img src=\"https:\/\/www.urlaub-am-tegernsee.de\/cms\/wp-content\/uploads\/2015\/02\/gaestehaus_schoepfer_slider_08.jpg\" height=\"450\" width=\"1000\" alt=\"\" class=\"slider-113 slide-121\" \/><\/div><\/div>\n        \n    <\/div>\n<\/div><\/strong><\/p>\n<p><strong>\u00a0<\/strong><\/p>\n<p>Sehr geehrte Internetg\u00e4ste,<\/p>\n<p>Machen Sie Ferien in unserer sch\u00f6nen l\u00e4ndlichen Umgebung.<\/p>\n<p>In der N\u00e4he des Tegernsees erwartet Sie bei famili\u00e4rer und gem\u00fctlicher Atmosph\u00e4re ein erholsamer Urlaub.<\/p>\n<p>Der Einklang von Landschaft, Natur und Menschen wird Ihnen gefallen. Genie\u00dfen Sie den reizvollen Wechsel von Wiesen, W\u00e4ldern, Bachl\u00e4ufen, Wanderwegen und Ausblicken.<\/p>\n<p>Wir freuen uns auf Ihren Besuch !<\/p>\n<p>Ihre Familie Sch\u00f6pfer<\/p>\n<\/td>\n<\/tr>\n<\/tbody>\n<\/table>\n<p>&nbsp;<\/p>\n","protected":false},"excerpt":{"rendered":"<p>\u00a0 Sehr geehrte Internetg\u00e4ste, Machen Sie Ferien in unserer sch\u00f6nen l\u00e4ndlichen Umgebung. In der N\u00e4he des Tegernsees erwartet Sie bei famili\u00e4rer und gem\u00fctlicher Atmosph\u00e4re ein erholsamer Urlaub. Der Einklang von Landschaft, Natur und Menschen wird Ihnen gefallen. Genie\u00dfen Sie den reizvollen Wechsel von Wiesen, W\u00e4ldern, Bachl\u00e4ufen, Wanderwegen und Ausblicken. Wir freuen uns auf Ihren Besuch [&hellip;]<\/p>\n","protected":false},"author":1,"featured_media":0,"parent":0,"menu_order":1,"comment_status":"closed","ping_status":"closed","template":"","meta":[],"aioseo_notices":[],"_links":{"self":[{"href":"https:\/\/www.urlaub-am-tegernsee.de\/cms\/wp-json\/wp\/v2\/pages\/7"}],"collection":[{"href":"https:\/\/www.urlaub-am-tegernsee.de\/cms\/wp-json\/wp\/v2\/pages"}],"about":[{"href":"https:\/\/www.urlaub-am-tegernsee.de\/cms\/wp-json\/wp\/v2\/types\/page"}],"author":[{"embeddable":true,"href":"https:\/\/www.urlaub-am-tegernsee.de\/cms\/wp-json\/wp\/v2\/users\/1"}],"replies":[{"embeddable":true,"href":"https:\/\/www.urlaub-am-tegernsee.de\/cms\/wp-json\/wp\/v2\/comments?post=7"}],"version-history":[{"count":9,"href":"https:\/\/www.urlaub-am-tegernsee.de\/cms\/wp-json\/wp\/v2\/pages\/7\/revisions"}],"predecessor-version":[{"id":135,"href":"https:\/\/www.urlaub-am-tegernsee.de\/cms\/wp-json\/wp\/v2\/pages\/7\/revisions\/135"}],"wp:attachment":[{"href":"https:\/\/www.urlaub-am-tegernsee.de\/cms\/wp-json\/wp\/v2\/media?parent=7"}],"curies":[{"name":"wp","href":"https:\/\/api.w.org\/{rel}","templated":true}]}}