{"id":27,"date":"2015-02-06T13:49:59","date_gmt":"2015-02-06T11:49:59","guid":{"rendered":"https:\/\/www.urlaub-am-tegernsee.de\/cms\/?page_id=27"},"modified":"2015-02-08T00:43:16","modified_gmt":"2015-02-07T22:43:16","slug":"unternehmungen","status":"publish","type":"page","link":"https:\/\/www.urlaub-am-tegernsee.de\/cms\/unternehmungen\/","title":{"rendered":"Unternehmungen"},"content":{"rendered":"<table class=\" alignleft\" style=\"width: 100%;\" border=\"0\" cellspacing=\"8\" cellpadding=\"8\">\n<tbody>\n<tr>\n<td>\n<div id=\"metaslider-id-113\" style=\"width: 100%; margin: 0 auto;\" class=\"ml-slider-3-27-13 metaslider metaslider-nivo metaslider-113 ml-slider\">\n    <div id=\"metaslider_container_113\">\n        <div class='slider-wrapper theme-default'><div class='ribbon'><\/div><div id='metaslider_113' class='nivoSlider'><img src=\"https:\/\/www.urlaub-am-tegernsee.de\/cms\/wp-content\/uploads\/2015\/02\/gaestehaus_schoepfer_slider_001.jpg\" height=\"450\" width=\"1000\" alt=\"\" class=\"slider-113 slide-114\" \/><img src=\"https:\/\/www.urlaub-am-tegernsee.de\/cms\/wp-content\/uploads\/2015\/02\/gaestehaus_schoepfer_slider_01.jpg\" height=\"450\" width=\"1000\" alt=\"\" class=\"slider-113 slide-115\" \/><img src=\"https:\/\/www.urlaub-am-tegernsee.de\/cms\/wp-content\/uploads\/2015\/02\/gaestehaus_schoepfer_slider_02.jpg\" height=\"450\" width=\"1000\" alt=\"\" class=\"slider-113 slide-116\" \/><img src=\"https:\/\/www.urlaub-am-tegernsee.de\/cms\/wp-content\/uploads\/2015\/02\/gaestehaus_schoepfer_slider_03.jpg\" height=\"450\" width=\"1000\" alt=\"\" class=\"slider-113 slide-117\" \/><img src=\"https:\/\/www.urlaub-am-tegernsee.de\/cms\/wp-content\/uploads\/2015\/02\/gaestehaus_schoepfer_slider_04.jpg\" height=\"450\" width=\"1000\" alt=\"\" class=\"slider-113 slide-118\" \/><img src=\"https:\/\/www.urlaub-am-tegernsee.de\/cms\/wp-content\/uploads\/2015\/02\/gaestehaus_schoepfer_slider_05.jpg\" height=\"450\" width=\"1000\" alt=\"\" class=\"slider-113 slide-119\" \/><img src=\"https:\/\/www.urlaub-am-tegernsee.de\/cms\/wp-content\/uploads\/2015\/02\/gaestehaus_schoepfer_slider_07.jpg\" height=\"450\" width=\"1000\" alt=\"\" class=\"slider-113 slide-120\" \/><img src=\"https:\/\/www.urlaub-am-tegernsee.de\/cms\/wp-content\/uploads\/2015\/02\/gaestehaus_schoepfer_slider_08.jpg\" height=\"450\" width=\"1000\" alt=\"\" class=\"slider-113 slide-121\" \/><\/div><\/div>\n        \n    <\/div>\n<\/div>\n<p>&nbsp;<\/p>\n<p><strong>Das Tegernseer Tal bietet alles was das Urlauberherz begehrt.<\/strong><\/p>\n<p>\u2022 Wandern, Bergsteigen und Klettern<br \/>\u2022 Skifahren, Langlauf<br \/>\u2022 Surfen<br \/>\u2022 Radfahren, Mountain-Biken<br \/>\u2022 Schwimmen, Sonnen<br \/>\u2022 Kultur<br \/>\u2022 Sehensw\u00fcrdigkeiten<br \/>\u2022 zahlreiche gem\u00fctliche Bierg\u00e4rten u.v.m.<\/p>\n<p>&nbsp;<\/p>\n<p><strong>Durch die zentrale Lage des Tegernseer Tales ergeben sich auch viele Ausflugsm\u00f6glichkeiten.<\/strong><\/p>\n<p>Um nur Einige zu nennen:<\/p>\n<p>\u2022 Zum Stadtbummel nach M\u00fcnchen (45 km)<br \/>\u2022 Zum Einkaufen nach Rosenheim (40 km)<br \/>\u2022 Altstadt Bad T\u00f6lz (12 km)<br \/>\u2022 Schliersee und Spitzingsee (20 km)<br \/>\u2022 Garmisch-Partenkirchen (50 km)<br \/>\u2022 Innsbruck, Kufstein (80 km)<\/p>\n<\/td>\n<\/tr>\n<\/tbody>\n<\/table>\n<p>&nbsp;<\/p>\n","protected":false},"excerpt":{"rendered":"<p>&nbsp; Das Tegernseer Tal bietet alles was das Urlauberherz begehrt. \u2022 Wandern, Bergsteigen und Klettern\u2022 Skifahren, Langlauf\u2022 Surfen\u2022 Radfahren, Mountain-Biken\u2022 Schwimmen, Sonnen\u2022 Kultur\u2022 Sehensw\u00fcrdigkeiten\u2022 zahlreiche gem\u00fctliche Bierg\u00e4rten u.v.m. &nbsp; Durch die zentrale Lage des Tegernseer Tales ergeben sich auch viele Ausflugsm\u00f6glichkeiten. Um nur Einige zu nennen: \u2022 Zum Stadtbummel nach M\u00fcnchen (45 km)\u2022 Zum Einkaufen [&hellip;]<\/p>\n","protected":false},"author":1,"featured_media":0,"parent":0,"menu_order":0,"comment_status":"closed","ping_status":"closed","template":"","meta":[],"aioseo_notices":[],"_links":{"self":[{"href":"https:\/\/www.urlaub-am-tegernsee.de\/cms\/wp-json\/wp\/v2\/pages\/27"}],"collection":[{"href":"https:\/\/www.urlaub-am-tegernsee.de\/cms\/wp-json\/wp\/v2\/pages"}],"about":[{"href":"https:\/\/www.urlaub-am-tegernsee.de\/cms\/wp-json\/wp\/v2\/types\/page"}],"author":[{"embeddable":true,"href":"https:\/\/www.urlaub-am-tegernsee.de\/cms\/wp-json\/wp\/v2\/users\/1"}],"replies":[{"embeddable":true,"href":"https:\/\/www.urlaub-am-tegernsee.de\/cms\/wp-json\/wp\/v2\/comments?post=27"}],"version-history":[{"count":5,"href":"https:\/\/www.urlaub-am-tegernsee.de\/cms\/wp-json\/wp\/v2\/pages\/27\/revisions"}],"predecessor-version":[{"id":141,"href":"https:\/\/www.urlaub-am-tegernsee.de\/cms\/wp-json\/wp\/v2\/pages\/27\/revisions\/141"}],"wp:attachment":[{"href":"https:\/\/www.urlaub-am-tegernsee.de\/cms\/wp-json\/wp\/v2\/media?parent=27"}],"curies":[{"name":"wp","href":"https:\/\/api.w.org\/{rel}","templated":true}]}}