{"id":13,"date":"2015-02-06T13:45:23","date_gmt":"2015-02-06T11:45:23","guid":{"rendered":"https:\/\/www.urlaub-am-tegernsee.de\/cms\/?page_id=13"},"modified":"2015-02-06T15:32:19","modified_gmt":"2015-02-06T13:32:19","slug":"impressum","status":"publish","type":"page","link":"https:\/\/www.urlaub-am-tegernsee.de\/cms\/impressum\/","title":{"rendered":"Impressum"},"content":{"rendered":"<p>&nbsp;<\/p>\n<table class=\" alignleft\" style=\"width: 100%;\" border=\"0\" cellspacing=\"8\" cellpadding=\"8\">\n<tbody>\n<tr>\n<td>Verantwortlicher Herausgeber und Contentverwalter dieser Homepage:<\/p>\n<p><strong>G\u00e4stehaus Sch\u00f6pfer<\/strong><br \/>\nSchaftlacher Stra\u00dfe 24<br \/>\nD- 83703 Gmund\/Moosrain<\/p>\n<p>Tel.: +49 (0)8021 428<br \/>\nFax: +49 (0)8021 1375<\/p>\n<p><a href=\"mailto:schoepfers@t-online.de\">schoepfers(at)t-online.de <\/a><br \/>\nwww.urlaub-am-tegernsee.de<\/p>\n<p>Inhaber: Familie Sch\u00f6pfer<br \/>\nUSt. ldN r.: Folgt in K\u00fcrze!<\/p>\n<p>&nbsp;<\/p>\n<p>Haftungsausschluss:<\/p>\n<p>Die auf den Internetseiten zur verf\u00fcgung gestellten Informationen, werden von uns regelm\u00e4\u00dfig aktualisiert und auf Richtigkeit gepr\u00fcft. Trotz gr\u00f6\u00dftm\u00f6glicher Sorgfalt kann es passieren, dass sich bestimmte Informationen in der Zwischenzeit ge\u00e4ndert haben. Daher ist eine Haftung oder Garantie f\u00fcr die Richtigkeit, Vollst\u00e4ndigkeit und Aktualit\u00e4t der Informationen seitens von der G\u00e4stehaus Sch\u00f6pfer nicht m\u00f6glich.<\/p>\n<p>Der Haftungsausschluss betrifft auch alle Inhalte auf Websites, die \u00fcber einen Hyperlink mit der Webseite von der G\u00e4stehaus Sch\u00f6pfer verbunden sind. Wir distanzieren uns ausdr\u00fccklich von den Inhalten aller gelinkten Seiten. Dies gilt f\u00fcr alle auf der Homepage angezeigten Links. F\u00fcr Inhalt und Gestaltung der verlinkten Seiten sind ausschlie\u00dflich deren Betreiber verantwortlich.<\/p>\n<p>Trotz regelm\u00e4\u00dfiger Aktualisierungen wird keine Haftung oder Garantie f\u00fcr die Aktualit\u00e4t, Richtigkeit und Vollst\u00e4ndigkeit der zur Verf\u00fcgung gestellten Informationen auf dieser Webseite \u00fcbernommen.<\/p>\n<p>&nbsp;<\/p>\n<p>Urheberrecht:<\/p>\n<p>Die durch die Seitenbetreiber erstellten Inhalte und Werke auf diesen Seiten unterliegen dem deutschen Urheberrecht. Die Vervielf\u00e4ltigung, Bearbeitung, Verbreitung und jede Art der Verwertung au\u00dferhalb der Grenzen des Urheberrechtes bed\u00fcrfen der schriftlichen Zustimmung des jeweiligen Autors bzw. Erstellers. Downloads und Kopien dieser Seite sind nur f\u00fcr den privaten, nicht kommerziellen Gebrauch gestattet.<\/p>\n<p>Soweit die Inhalte auf dieser Seite nicht vom Betreiber erstellt wurden, werden die Urheberrechte Dritter beachtet. Insbesondere werden Inhalte Dritter als solche gekennzeichnet. Sollten Sie trotzdem auf eine Urheberrechtsverletzung aufmerksam werden, bitten wir um einen entsprechenden Hinweis. Bei bekanntwerden von Rechtsverletzungen, werden wir derartige Inhalte umgehend entfernen.<\/p>\n<p>&nbsp;<\/p>\n<p>Contentverwaltung dieser Webseite: <a href=\"mailto:schoepfers@t-online.de\">G\u00e4stehaus Sch\u00f6pfer<\/a><\/p>\n<p>Realisierung und Support: <a href=\"http:\/\/www.gruber-md.de\" target=\"_blank\">Gruber Mediendesign<\/a><\/td>\n<\/tr>\n<\/tbody>\n<\/table>\n<p>&nbsp;<\/p>\n","protected":false},"excerpt":{"rendered":"<p>&nbsp; Verantwortlicher Herausgeber und Contentverwalter dieser Homepage: G\u00e4stehaus Sch\u00f6pfer Schaftlacher Stra\u00dfe 24 D- 83703 Gmund\/Moosrain Tel.: +49 (0)8021 428 Fax: +49 (0)8021 1375 schoepfers(at)t-online.de www.urlaub-am-tegernsee.de Inhaber: Familie Sch\u00f6pfer USt. ldN r.: Folgt in K\u00fcrze! &nbsp; Haftungsausschluss: Die auf den Internetseiten zur verf\u00fcgung gestellten Informationen, werden von uns regelm\u00e4\u00dfig aktualisiert und auf Richtigkeit gepr\u00fcft. Trotz gr\u00f6\u00dftm\u00f6glicher [&hellip;]<\/p>\n","protected":false},"author":1,"featured_media":0,"parent":0,"menu_order":0,"comment_status":"closed","ping_status":"closed","template":"","meta":[],"aioseo_notices":[],"_links":{"self":[{"href":"https:\/\/www.urlaub-am-tegernsee.de\/cms\/wp-json\/wp\/v2\/pages\/13"}],"collection":[{"href":"https:\/\/www.urlaub-am-tegernsee.de\/cms\/wp-json\/wp\/v2\/pages"}],"about":[{"href":"https:\/\/www.urlaub-am-tegernsee.de\/cms\/wp-json\/wp\/v2\/types\/page"}],"author":[{"embeddable":true,"href":"https:\/\/www.urlaub-am-tegernsee.de\/cms\/wp-json\/wp\/v2\/users\/1"}],"replies":[{"embeddable":true,"href":"https:\/\/www.urlaub-am-tegernsee.de\/cms\/wp-json\/wp\/v2\/comments?post=13"}],"version-history":[{"count":5,"href":"https:\/\/www.urlaub-am-tegernsee.de\/cms\/wp-json\/wp\/v2\/pages\/13\/revisions"}],"predecessor-version":[{"id":45,"href":"https:\/\/www.urlaub-am-tegernsee.de\/cms\/wp-json\/wp\/v2\/pages\/13\/revisions\/45"}],"wp:attachment":[{"href":"https:\/\/www.urlaub-am-tegernsee.de\/cms\/wp-json\/wp\/v2\/media?parent=13"}],"curies":[{"name":"wp","href":"https:\/\/api.w.org\/{rel}","templated":true}]}}