{"id":11,"date":"2015-02-06T13:45:01","date_gmt":"2015-02-06T11:45:01","guid":{"rendered":"https:\/\/www.urlaub-am-tegernsee.de\/cms\/?page_id=11"},"modified":"2021-10-31T16:46:32","modified_gmt":"2021-10-31T14:46:32","slug":"anfahrt","status":"publish","type":"page","link":"https:\/\/www.urlaub-am-tegernsee.de\/cms\/anfahrt\/","title":{"rendered":"Anfahrt zu uns"},"content":{"rendered":"<table class=\" alignleft\" style=\"width: 100%;\" border=\"0\" cellspacing=\"8\" cellpadding=\"8\">\n<tbody>\n<tr>\n<td>\n<p style=\"text-align: center;\"><div id=\"metaslider-id-113\" style=\"width: 100%; margin: 0 auto;\" class=\"ml-slider-3-27-13 metaslider metaslider-nivo metaslider-113 ml-slider\">\n    <div id=\"metaslider_container_113\">\n        <div class='slider-wrapper theme-default'><div class='ribbon'><\/div><div id='metaslider_113' class='nivoSlider'><img src=\"https:\/\/www.urlaub-am-tegernsee.de\/cms\/wp-content\/uploads\/2015\/02\/gaestehaus_schoepfer_slider_001.jpg\" height=\"450\" width=\"1000\" alt=\"\" class=\"slider-113 slide-114\" \/><img src=\"https:\/\/www.urlaub-am-tegernsee.de\/cms\/wp-content\/uploads\/2015\/02\/gaestehaus_schoepfer_slider_01.jpg\" height=\"450\" width=\"1000\" alt=\"\" class=\"slider-113 slide-115\" \/><img src=\"https:\/\/www.urlaub-am-tegernsee.de\/cms\/wp-content\/uploads\/2015\/02\/gaestehaus_schoepfer_slider_02.jpg\" height=\"450\" width=\"1000\" alt=\"\" class=\"slider-113 slide-116\" \/><img src=\"https:\/\/www.urlaub-am-tegernsee.de\/cms\/wp-content\/uploads\/2015\/02\/gaestehaus_schoepfer_slider_03.jpg\" height=\"450\" width=\"1000\" alt=\"\" class=\"slider-113 slide-117\" \/><img src=\"https:\/\/www.urlaub-am-tegernsee.de\/cms\/wp-content\/uploads\/2015\/02\/gaestehaus_schoepfer_slider_04.jpg\" height=\"450\" width=\"1000\" alt=\"\" class=\"slider-113 slide-118\" \/><img src=\"https:\/\/www.urlaub-am-tegernsee.de\/cms\/wp-content\/uploads\/2015\/02\/gaestehaus_schoepfer_slider_05.jpg\" height=\"450\" width=\"1000\" alt=\"\" class=\"slider-113 slide-119\" \/><img src=\"https:\/\/www.urlaub-am-tegernsee.de\/cms\/wp-content\/uploads\/2015\/02\/gaestehaus_schoepfer_slider_07.jpg\" height=\"450\" width=\"1000\" alt=\"\" class=\"slider-113 slide-120\" \/><img src=\"https:\/\/www.urlaub-am-tegernsee.de\/cms\/wp-content\/uploads\/2015\/02\/gaestehaus_schoepfer_slider_08.jpg\" height=\"450\" width=\"1000\" alt=\"\" class=\"slider-113 slide-121\" \/><\/div><\/div>\n        \n    <\/div>\n<\/div><\/p>\n<p>&nbsp;<\/p>\n<p><strong>G\u00e4stehaus Sch\u00f6pfer<\/strong><\/p>\n<p>Schaftlacher Stra\u00dfe 24<br \/>\n83703 Gmund\/Moosrain<\/p>\n<p>Tel.: +49 (0)8021 428<br \/>\nFax: +49 (0)8021 1375<\/p>\n<p>&nbsp;<\/p>\n<p><a href=\"https:\/\/www.google.de\/maps\/dir\/\/g%C3%A4stehaus+sch%C3%B6pfer+gmund\/@47.9550867,11.23372,10z\/data=!4m8!4m7!1m0!1m5!1m1!1s0x479d8d647e5ddb09:0xfc32e36c339fbfe6!2m2!1d11.7206739!2d47.7713232\" target=\"_blank\" rel=\"noopener noreferrer\"><img loading=\"lazy\" class=\"alignnone wp-image-463 size-full\" src=\"https:\/\/www.urlaub-am-tegernsee.de\/cms\/wp-content\/uploads\/2021\/10\/schoepfer_karte.jpg\" alt=\"\" width=\"914\" height=\"451\" srcset=\"https:\/\/www.urlaub-am-tegernsee.de\/cms\/wp-content\/uploads\/2021\/10\/schoepfer_karte.jpg 914w, https:\/\/www.urlaub-am-tegernsee.de\/cms\/wp-content\/uploads\/2021\/10\/schoepfer_karte-300x148.jpg 300w, https:\/\/www.urlaub-am-tegernsee.de\/cms\/wp-content\/uploads\/2021\/10\/schoepfer_karte-768x379.jpg 768w\" sizes=\"(max-width: 914px) 100vw, 914px\" \/><\/a><\/td>\n<\/tr>\n<\/tbody>\n<\/table>\n<p>&nbsp;<\/p>\n","protected":false},"excerpt":{"rendered":"<p>&nbsp; G\u00e4stehaus Sch\u00f6pfer Schaftlacher Stra\u00dfe 24 83703 Gmund\/Moosrain Tel.: +49 (0)8021 428 Fax: +49 (0)8021 1375 &nbsp; &nbsp;<\/p>\n","protected":false},"author":1,"featured_media":0,"parent":0,"menu_order":3,"comment_status":"closed","ping_status":"closed","template":"","meta":[],"aioseo_notices":[],"_links":{"self":[{"href":"https:\/\/www.urlaub-am-tegernsee.de\/cms\/wp-json\/wp\/v2\/pages\/11"}],"collection":[{"href":"https:\/\/www.urlaub-am-tegernsee.de\/cms\/wp-json\/wp\/v2\/pages"}],"about":[{"href":"https:\/\/www.urlaub-am-tegernsee.de\/cms\/wp-json\/wp\/v2\/types\/page"}],"author":[{"embeddable":true,"href":"https:\/\/www.urlaub-am-tegernsee.de\/cms\/wp-json\/wp\/v2\/users\/1"}],"replies":[{"embeddable":true,"href":"https:\/\/www.urlaub-am-tegernsee.de\/cms\/wp-json\/wp\/v2\/comments?post=11"}],"version-history":[{"count":15,"href":"https:\/\/www.urlaub-am-tegernsee.de\/cms\/wp-json\/wp\/v2\/pages\/11\/revisions"}],"predecessor-version":[{"id":465,"href":"https:\/\/www.urlaub-am-tegernsee.de\/cms\/wp-json\/wp\/v2\/pages\/11\/revisions\/465"}],"wp:attachment":[{"href":"https:\/\/www.urlaub-am-tegernsee.de\/cms\/wp-json\/wp\/v2\/media?parent=11"}],"curies":[{"name":"wp","href":"https:\/\/api.w.org\/{rel}","templated":true}]}}